{"id":981,"date":"2021-11-16T11:06:11","date_gmt":"2021-11-16T11:06:11","guid":{"rendered":"https:\/\/www.economyhotel.ee\/pakkumised\/"},"modified":"2022-11-30T13:09:48","modified_gmt":"2022-11-30T13:09:48","slug":"pakkumised","status":"publish","type":"page","link":"https:\/\/www.economyhotel.ee\/en\/pakkumised\/","title":{"rendered":"OFFERS"},"content":{"rendered":"\n<div class=\"wp-block-cover alignfull has-background-dim-10 has-background-dim\"><img loading=\"lazy\" decoding=\"async\" width=\"2048\" height=\"1367\" class=\"wp-block-cover__image-background wp-image-621\" alt=\"\" src=\"https:\/\/www.economyhotel.ee\/wp-content\/uploads\/2021\/11\/economy_hotel_info.jpg\" data-object-fit=\"cover\" srcset=\"https:\/\/www.economyhotel.ee\/wp-content\/uploads\/2021\/11\/economy_hotel_info.jpg 2048w, https:\/\/www.economyhotel.ee\/wp-content\/uploads\/2021\/11\/economy_hotel_info-300x200.jpg 300w, https:\/\/www.economyhotel.ee\/wp-content\/uploads\/2021\/11\/economy_hotel_info-1024x684.jpg 1024w, https:\/\/www.economyhotel.ee\/wp-content\/uploads\/2021\/11\/economy_hotel_info-768x513.jpg 768w, https:\/\/www.economyhotel.ee\/wp-content\/uploads\/2021\/11\/economy_hotel_info-1536x1025.jpg 1536w, https:\/\/www.economyhotel.ee\/wp-content\/uploads\/2021\/11\/economy_hotel_info-1568x1047.jpg 1568w\" sizes=\"auto, (max-width: 2048px) 100vw, 2048px\" \/><div class=\"wp-block-cover__inner-container is-layout-flow wp-block-cover-is-layout-flow\">\n<h1 class=\"has-text-align-center wp-block-heading\">PAKKUMISED<\/h1>\n<\/div><\/div>\n\n<div style=\"height:5px\" aria-hidden=\"true\" class=\"wp-block-spacer\"><\/div>\n\n<div class=\"wp-block-columns alignwide are-vertically-aligned-top has-background is-layout-flex wp-container-core-columns-is-layout-9d6595d7 wp-block-columns-is-layout-flex\" style=\"background-color:#eadbd7\">\n<div class=\"wp-block-column is-vertically-aligned-top is-layout-flow wp-block-column-is-layout-flow\">\n<div class=\"wp-block-columns is-layout-flex wp-container-core-columns-is-layout-9d6595d7 wp-block-columns-is-layout-flex\">\n<div class=\"wp-block-column is-layout-flow wp-block-column-is-layout-flow\">\n<div class=\"wp-block-columns is-layout-flex wp-container-core-columns-is-layout-9d6595d7 wp-block-columns-is-layout-flex\">\n<div class=\"wp-block-column is-layout-flow wp-block-column-is-layout-flow\">\n<figure class=\"wp-block-image size-large\"><img loading=\"lazy\" decoding=\"async\" width=\"1024\" height=\"684\" src=\"https:\/\/www.economyhotel.ee\/wp-content\/uploads\/2021\/12\/double_5_economy_hotel-1024x684.jpg\" alt=\"\" class=\"wp-image-825\" srcset=\"https:\/\/www.economyhotel.ee\/wp-content\/uploads\/2021\/12\/double_5_economy_hotel-1024x684.jpg 1024w, https:\/\/www.economyhotel.ee\/wp-content\/uploads\/2021\/12\/double_5_economy_hotel-300x200.jpg 300w, https:\/\/www.economyhotel.ee\/wp-content\/uploads\/2021\/12\/double_5_economy_hotel-768x513.jpg 768w, https:\/\/www.economyhotel.ee\/wp-content\/uploads\/2021\/12\/double_5_economy_hotel-1536x1025.jpg 1536w, https:\/\/www.economyhotel.ee\/wp-content\/uploads\/2021\/12\/double_5_economy_hotel-1568x1047.jpg 1568w, https:\/\/www.economyhotel.ee\/wp-content\/uploads\/2021\/12\/double_5_economy_hotel.jpg 2048w\" sizes=\"auto, (max-width: 1024px) 100vw, 1024px\" \/><\/figure>\n\n\n\n<h2 class=\"wp-block-heading\"><strong>MAJUTUS P\u00dcHAP\u00c4EVAST &#8211;  NELJAP\u00c4EVANI 160\u20ac<\/strong><\/h2>\n\n\n\n<p class=\"has-text-align-left\">Hind sisaldab:<\/p>\n\n\n\n<ul class=\"wp-block-list\"><li>Majutus Economy kaheses toas<\/li><li>Varajane hotelli sisse registreerimine<\/li><li>Tasuta Wi-Fi<\/li><li>Tasuta parkimine Europargi Vana-Kalamaja 4 parklas<\/li><\/ul>\n\n\n\n<p>Lisav\u00f5imalused: Standardtoa lisatasu 10\u20ac\/ \u00f6\u00f6.<\/p>\n\n\n\n<p><strong>Pakkumine kehtib kuni 14.04.2022. <\/strong><\/p>\n\n\n\n<p>Iga n\u00e4dal m\u00fc\u00fcgis piiratud arv tube.<\/p>\n\n\n\n<div class=\"wp-block-buttons is-layout-flex wp-block-buttons-is-layout-flex\">\n<div class=\"wp-block-button\"><a class=\"wp-block-button__link has-text-color has-background\" href=\"https:\/\/bouk.io\/booking\/economy\/347\/rooms?language=et&amp;adults=1&amp;weekday=sunday&amp;nights=4\" style=\"background-color:#6f6c9e;color:#ffffff\" target=\"_blank\" rel=\"noreferrer noopener\">BOOK<\/a><\/div>\n<\/div>\n<\/div>\n<\/div>\n<\/div>\n<\/div>\n<\/div>\n\n\n\n<div class=\"wp-block-column is-vertically-aligned-top is-layout-flow wp-block-column-is-layout-flow\">\n<figure class=\"wp-block-image size-large\"><img loading=\"lazy\" decoding=\"async\" width=\"1024\" height=\"684\" src=\"https:\/\/www.economyhotel.ee\/wp-content\/uploads\/2021\/12\/double_8_economy_hotel-1024x684.jpg\" alt=\"\" class=\"wp-image-735\" srcset=\"https:\/\/www.economyhotel.ee\/wp-content\/uploads\/2021\/12\/double_8_economy_hotel-1024x684.jpg 1024w, https:\/\/www.economyhotel.ee\/wp-content\/uploads\/2021\/12\/double_8_economy_hotel-300x200.jpg 300w, https:\/\/www.economyhotel.ee\/wp-content\/uploads\/2021\/12\/double_8_economy_hotel-768x513.jpg 768w, https:\/\/www.economyhotel.ee\/wp-content\/uploads\/2021\/12\/double_8_economy_hotel-1536x1026.jpg 1536w, https:\/\/www.economyhotel.ee\/wp-content\/uploads\/2021\/12\/double_8_economy_hotel-2048x1367.jpg 2048w, https:\/\/www.economyhotel.ee\/wp-content\/uploads\/2021\/12\/double_8_economy_hotel-1568x1047.jpg 1568w\" sizes=\"auto, (max-width: 1024px) 100vw, 1024px\" \/><\/figure>\n\n\n\n<h2 class=\"wp-block-heading\"><strong>MAJUTUS KAHELE REEDEST &#8211;  P\u00dcHAP\u00c4EVANI 90\u20ac<\/strong><\/h2>\n\n\n\n<p class=\"has-text-align-left\">Hind sisaldab:<\/p>\n\n\n\n<ul class=\"wp-block-list\"><li>Majutus Economy kaheses toas<\/li><li>Varajane hotelli sisse registreerimine<\/li><li>Tasuta Wi-Fi<\/li><li>Tasuta parkimine Europargi Vana-Kalamaja 4 parklas<\/li><\/ul>\n\n\n\n<p>Lisav\u00f5imalused: Standardtoa lisatasu 10\u20ac\/ \u00f6\u00f6.<\/p>\n\n\n\n<p><strong>Pakkumine kehtib kuni 14.04.2022. <\/strong><\/p>\n\n\n\n<p>Iga n\u00e4dal m\u00fc\u00fcgis piiratud arv tube.<\/p>\n\n\n\n<div class=\"wp-block-buttons is-layout-flex wp-block-buttons-is-layout-flex\">\n<div class=\"wp-block-button\"><a class=\"wp-block-button__link has-text-color has-background\" href=\"https:\/\/bouk.io\/booking\/economy\/347\/rooms?language=et&amp;adults=2&amp;weekday=friday&amp;nights=2\" style=\"background-color:#6f6c9e;color:#ffffff\" target=\"_blank\" rel=\"noreferrer noopener\">BOOK<\/a><\/div>\n<\/div>\n<\/div>\n\n\n\n<div class=\"wp-block-column is-vertically-aligned-top is-layout-flow wp-block-column-is-layout-flow\">\n<figure class=\"wp-block-image size-large\"><img loading=\"lazy\" decoding=\"async\" width=\"1024\" height=\"684\" src=\"https:\/\/www.economyhotel.ee\/wp-content\/uploads\/2021\/12\/double_2_economy_hotel-1-1024x684.jpg\" alt=\"\" class=\"wp-image-821\" srcset=\"https:\/\/www.economyhotel.ee\/wp-content\/uploads\/2021\/12\/double_2_economy_hotel-1-1024x684.jpg 1024w, https:\/\/www.economyhotel.ee\/wp-content\/uploads\/2021\/12\/double_2_economy_hotel-1-300x200.jpg 300w, https:\/\/www.economyhotel.ee\/wp-content\/uploads\/2021\/12\/double_2_economy_hotel-1-768x513.jpg 768w, https:\/\/www.economyhotel.ee\/wp-content\/uploads\/2021\/12\/double_2_economy_hotel-1-1536x1025.jpg 1536w, https:\/\/www.economyhotel.ee\/wp-content\/uploads\/2021\/12\/double_2_economy_hotel-1-1568x1047.jpg 1568w, https:\/\/www.economyhotel.ee\/wp-content\/uploads\/2021\/12\/double_2_economy_hotel-1.jpg 2048w\" sizes=\"auto, (max-width: 1024px) 100vw, 1024px\" \/><\/figure>\n\n\n\n<h2 class=\"wp-block-heading\"><strong>MAJUTUS \u00dcHELE REEDEST &#8211; P\u00dcHAP\u00c4EVANI 75\u20ac<\/strong><\/h2>\n\n\n\n<p class=\"has-text-align-left\">Hind sisaldab:<\/p>\n\n\n\n<ul class=\"wp-block-list\"><li>Majutus Economy \u00fcheses toas<\/li><li>Varajane hotelli sisse registreerimine<\/li><li>Tasuta Wi-Fi<\/li><li>Tasuta parkimine Europargi Vana-Kalamaja 4 parklas<\/li><\/ul>\n\n\n\n<p>Lisav\u00f5imalused: Standardtoa lisatasu 5\u20ac\/ \u00f6\u00f6.<\/p>\n\n\n\n<p><strong>Pakkumine kehtib kuni 14.04.2022. <\/strong><\/p>\n\n\n\n<p>Iga n\u00e4dal m\u00fc\u00fcgis piiratud arv tube.<\/p>\n\n\n\n<div class=\"wp-block-buttons is-layout-flex wp-block-buttons-is-layout-flex\">\n<div class=\"wp-block-button\"><a class=\"wp-block-button__link has-text-color has-background\" href=\"https:\/\/bouk.io\/booking\/economy\/347\/rooms?language=et&amp;adults=1&amp;weekday=friday&amp;nights=2\" style=\"background-color:#6f6c9e;color:#ffffff\" target=\"_blank\" rel=\"noreferrer noopener\">BOOK<\/a><\/div>\n<\/div>\n<\/div>\n<\/div>\n\n<hr class=\"wp-block-separator\"\/>\n\n<div class=\"wp-block-columns alignwide has-background is-layout-flex wp-container-core-columns-is-layout-9d6595d7 wp-block-columns-is-layout-flex\" style=\"background-color:#eadbd7\">\n<div class=\"wp-block-column is-layout-flow wp-block-column-is-layout-flow\">\n<div class=\"wp-block-columns is-layout-flex wp-container-core-columns-is-layout-9d6595d7 wp-block-columns-is-layout-flex\">\n<div class=\"wp-block-column is-layout-flow wp-block-column-is-layout-flow\">\n<h2 class=\"has-text-align-center wp-block-heading\"><strong>ECONOMY HOTELL T\u00c4NAB JA TEEB PAI K\u00d5IKIDELE \u00d5DEDELE JA HOOLDUST\u00d6\u00d6TAJATELE!<\/strong><\/h2>\n\n\n\n<div style=\"height:1px\" aria-hidden=\"true\" class=\"wp-block-spacer\"><\/div>\n\n\n\n<div class=\"wp-block-columns is-layout-flex wp-container-core-columns-is-layout-9d6595d7 wp-block-columns-is-layout-flex\">\n<div class=\"wp-block-column is-layout-flow wp-block-column-is-layout-flow\">\n<div class=\"wp-block-image\"><figure class=\"aligncenter size-full\"><img loading=\"lazy\" decoding=\"async\" width=\"300\" height=\"200\" src=\"https:\/\/www.economyhotel.ee\/wp-content\/uploads\/2021\/11\/PAI-1.png\" alt=\"\" class=\"wp-image-627\"\/><\/figure><\/div>\n\n\n\n<p class=\"has-text-align-left\">PAI on kodanikualgatus \u2013 reaalne, silmale n\u00e4htav ja k\u00e4ega katsutav t\u00e4nuavaldus \u00f5dedele ja hooldust\u00f6\u00f6tajatele, kes hoolitsevad meie tervise eest ja v\u00f5itlevad pandeemias meie elude eest, tehes oma t\u00f6\u00f6d peamiselt n\u00e4htamatult.<\/p>\n\n\n\n<p class=\"has-text-align-left\">V\u00f5ta hetk linnapuhkuseks ja tule naudi vanalinna, Kalamaja ja Telliskivi ning Noblessneri kohvikuid, restorane, muuseume ja n\u00e4ituseid!<\/p>\n\n\n\n<p class=\"has-text-align-left\">Loe PAI kaardi kohta t\u00e4psemalt <a rel=\"noreferrer noopener\" href=\"http:\/\/ena.ee\/pai\/\" data-type=\"URL\" data-id=\"ena.ee\/pai\/\" target=\"_blank\">siit.<\/a><\/p>\n\n\n\n<div class=\"wp-block-buttons is-content-justification-right is-layout-flex wp-block-buttons-is-layout-flex\">\n<div class=\"wp-block-button\"><a class=\"wp-block-button__link has-text-color has-background\" href=\"mailto:booking@economyhotel.ee\" style=\"background-color:#6f6c9e;color:#ffffff\" target=\"_blank\" rel=\"noreferrer noopener\">K\u00dcSI PAKKUMIST<\/a><\/div>\n<\/div>\n<\/div>\n\n\n\n<div class=\"wp-block-column is-layout-flow wp-block-column-is-layout-flow\">\n<p class=\"has-text-align-left\">PAI kaardiga tasudes on toa hind \u00fcheks \u00f6\u00f6ks:<br\/>\u00dcheinimesetuba 30\u20ac<br\/>Kaheinimesetuba Economy klassis 40\u20ac<br\/>Kaheinimesetuba Standard klassis 50\u20ac<br\/>Kolmeinimesetuba 65\u20ac<br\/>Suur peretuba (kuni 2 t\u00e4iskasvanut ja kuni 2 alla 7 a last) 80\u20ac<\/p>\n\n\n\n<p class=\"has-text-align-left\">Nii 10\u20ac kui 40\u20ac PAI kaarti on v\u00f5imalik kasutada ka k\u00f5igi toat\u00fc\u00fcpide osaliseks tasumiseks.<\/p>\n\n\n\n<p class=\"has-text-align-left\">Broneerimiseks kirjuta <a href=\"mailto:booking@economyhotel.ee\" target=\"_blank\" rel=\"noreferrer noopener\">booking@economyhotel.ee<\/a> v\u00f5i helista numbril +372 66 78 300 ja kasuta m\u00e4rks\u00f5na \u201cPAI kaart\u201d<\/p>\n\n\n\n<p class=\"has-text-align-left\">Pakkumine kehtib <strong>1.06.2021 &#8211; 31.03.2022<\/strong>.<br\/>** Palun m\u00e4rka, et hotellis ei pakuta hetkel hommikus\u00f6\u00f6ki.<br\/>*** Palun m\u00e4rka, et PAI kaardiga tasumisel toa hinnast \u00fcle j\u00e4\u00e4vat summat ei ole v\u00f5imalik tagastada.<\/p>\n<\/div>\n<\/div>\n<\/div>\n<\/div>\n<\/div>\n<\/div>\n\n<p><\/p>\n","protected":false},"excerpt":{"rendered":"<p>MAJUTUS P\u00dcHAP\u00c4EVAST &#8211; NELJAP\u00c4EVANI 160\u20ac Hind sisaldab: Majutus Economy kaheses toas Varajane hotelli sisse registreerimine Tasuta Wi-Fi Tasuta parkimine Europargi Vana-Kalamaja 4 parklas Lisav\u00f5imalused: Standardtoa lisatasu 10\u20ac\/ \u00f6\u00f6. Pakkumine kehtib kuni 14.04.2022. Iga n\u00e4dal m\u00fc\u00fcgis piiratud arv tube. MAJUTUS KAHELE REEDEST &#8211; P\u00dcHAP\u00c4EVANI 90\u20ac Hind sisaldab: Majutus Economy kaheses toas Varajane hotelli sisse registreerimine Tasuta [&hellip;]<\/p>\n","protected":false},"author":2,"featured_media":0,"parent":0,"menu_order":0,"comment_status":"closed","ping_status":"closed","template":"","meta":{"inline_featured_image":false,"footnotes":""},"class_list":["post-981","page","type-page","status-publish","hentry"],"yoast_head":"<!-- This site is optimized with the Yoast SEO plugin v27.4 - https:\/\/yoast.com\/product\/yoast-seo-wordpress\/ -->\n<title>OFFERS - Economy hotell<\/title>\n<meta name=\"robots\" content=\"index, follow, max-snippet:-1, max-image-preview:large, max-video-preview:-1\" \/>\n<link rel=\"canonical\" href=\"https:\/\/www.economyhotel.ee\/en\/pakkumised\/\" \/>\n<meta property=\"og:locale\" content=\"en_US\" \/>\n<meta property=\"og:type\" content=\"article\" \/>\n<meta property=\"og:title\" content=\"OFFERS - Economy hotell\" \/>\n<meta property=\"og:description\" content=\"MAJUTUS P\u00dcHAP\u00c4EVAST &#8211; NELJAP\u00c4EVANI 160\u20ac Hind sisaldab: Majutus Economy kaheses toas Varajane hotelli sisse registreerimine Tasuta Wi-Fi Tasuta parkimine Europargi Vana-Kalamaja 4 parklas Lisav\u00f5imalused: Standardtoa lisatasu 10\u20ac\/ \u00f6\u00f6. Pakkumine kehtib kuni 14.04.2022. Iga n\u00e4dal m\u00fc\u00fcgis piiratud arv tube. MAJUTUS KAHELE REEDEST &#8211; P\u00dcHAP\u00c4EVANI 90\u20ac Hind sisaldab: Majutus Economy kaheses toas Varajane hotelli sisse registreerimine Tasuta [&hellip;]\" \/>\n<meta property=\"og:url\" content=\"https:\/\/www.economyhotel.ee\/en\/pakkumised\/\" \/>\n<meta property=\"og:site_name\" content=\"Economy hotell\" \/>\n<meta property=\"article:modified_time\" content=\"2022-11-30T13:09:48+00:00\" \/>\n<meta property=\"og:image\" content=\"https:\/\/www.economyhotel.ee\/wp-content\/uploads\/2021\/11\/economy_hotel_info.jpg\" \/>\n<meta name=\"twitter:card\" content=\"summary_large_image\" \/>\n<meta name=\"twitter:label1\" content=\"Est. reading time\" \/>\n\t<meta name=\"twitter:data1\" content=\"1 minute\" \/>\n<script type=\"application\/ld+json\" class=\"yoast-schema-graph\">{\"@context\":\"https:\\\/\\\/schema.org\",\"@graph\":[{\"@type\":\"WebPage\",\"@id\":\"https:\\\/\\\/www.economyhotel.ee\\\/en\\\/pakkumised\\\/\",\"url\":\"https:\\\/\\\/www.economyhotel.ee\\\/en\\\/pakkumised\\\/\",\"name\":\"OFFERS - Economy hotell\",\"isPartOf\":{\"@id\":\"https:\\\/\\\/www.economyhotel.ee\\\/#website\"},\"primaryImageOfPage\":{\"@id\":\"https:\\\/\\\/www.economyhotel.ee\\\/en\\\/pakkumised\\\/#primaryimage\"},\"image\":{\"@id\":\"https:\\\/\\\/www.economyhotel.ee\\\/en\\\/pakkumised\\\/#primaryimage\"},\"thumbnailUrl\":\"https:\\\/\\\/www.economyhotel.ee\\\/wp-content\\\/uploads\\\/2021\\\/11\\\/economy_hotel_info.jpg\",\"datePublished\":\"2021-11-16T11:06:11+00:00\",\"dateModified\":\"2022-11-30T13:09:48+00:00\",\"breadcrumb\":{\"@id\":\"https:\\\/\\\/www.economyhotel.ee\\\/en\\\/pakkumised\\\/#breadcrumb\"},\"inLanguage\":\"en-US\",\"potentialAction\":[{\"@type\":\"ReadAction\",\"target\":[\"https:\\\/\\\/www.economyhotel.ee\\\/en\\\/pakkumised\\\/\"]}]},{\"@type\":\"ImageObject\",\"inLanguage\":\"en-US\",\"@id\":\"https:\\\/\\\/www.economyhotel.ee\\\/en\\\/pakkumised\\\/#primaryimage\",\"url\":\"https:\\\/\\\/www.economyhotel.ee\\\/wp-content\\\/uploads\\\/2021\\\/11\\\/economy_hotel_info.jpg\",\"contentUrl\":\"https:\\\/\\\/www.economyhotel.ee\\\/wp-content\\\/uploads\\\/2021\\\/11\\\/economy_hotel_info.jpg\"},{\"@type\":\"BreadcrumbList\",\"@id\":\"https:\\\/\\\/www.economyhotel.ee\\\/en\\\/pakkumised\\\/#breadcrumb\",\"itemListElement\":[{\"@type\":\"ListItem\",\"position\":1,\"name\":\"Home\",\"item\":\"https:\\\/\\\/economyhotel.ee\\\/en\\\/\"},{\"@type\":\"ListItem\",\"position\":2,\"name\":\"OFFERS\"}]},{\"@type\":\"WebSite\",\"@id\":\"https:\\\/\\\/www.economyhotel.ee\\\/#website\",\"url\":\"https:\\\/\\\/www.economyhotel.ee\\\/\",\"name\":\"Economy hotell\",\"description\":\"Economy Hotell Tallinn\",\"potentialAction\":[{\"@type\":\"SearchAction\",\"target\":{\"@type\":\"EntryPoint\",\"urlTemplate\":\"https:\\\/\\\/www.economyhotel.ee\\\/?s={search_term_string}\"},\"query-input\":{\"@type\":\"PropertyValueSpecification\",\"valueRequired\":true,\"valueName\":\"search_term_string\"}}],\"inLanguage\":\"en-US\"}]}<\/script>\n<!-- \/ Yoast SEO plugin. -->","yoast_head_json":{"title":"OFFERS - Economy hotell","robots":{"index":"index","follow":"follow","max-snippet":"max-snippet:-1","max-image-preview":"max-image-preview:large","max-video-preview":"max-video-preview:-1"},"canonical":"https:\/\/www.economyhotel.ee\/en\/pakkumised\/","og_locale":"en_US","og_type":"article","og_title":"OFFERS - Economy hotell","og_description":"MAJUTUS P\u00dcHAP\u00c4EVAST &#8211; NELJAP\u00c4EVANI 160\u20ac Hind sisaldab: Majutus Economy kaheses toas Varajane hotelli sisse registreerimine Tasuta Wi-Fi Tasuta parkimine Europargi Vana-Kalamaja 4 parklas Lisav\u00f5imalused: Standardtoa lisatasu 10\u20ac\/ \u00f6\u00f6. Pakkumine kehtib kuni 14.04.2022. Iga n\u00e4dal m\u00fc\u00fcgis piiratud arv tube. MAJUTUS KAHELE REEDEST &#8211; P\u00dcHAP\u00c4EVANI 90\u20ac Hind sisaldab: Majutus Economy kaheses toas Varajane hotelli sisse registreerimine Tasuta [&hellip;]","og_url":"https:\/\/www.economyhotel.ee\/en\/pakkumised\/","og_site_name":"Economy hotell","article_modified_time":"2022-11-30T13:09:48+00:00","og_image":[{"url":"https:\/\/www.economyhotel.ee\/wp-content\/uploads\/2021\/11\/economy_hotel_info.jpg","type":"","width":"","height":""}],"twitter_card":"summary_large_image","twitter_misc":{"Est. reading time":"1 minute"},"schema":{"@context":"https:\/\/schema.org","@graph":[{"@type":"WebPage","@id":"https:\/\/www.economyhotel.ee\/en\/pakkumised\/","url":"https:\/\/www.economyhotel.ee\/en\/pakkumised\/","name":"OFFERS - Economy hotell","isPartOf":{"@id":"https:\/\/www.economyhotel.ee\/#website"},"primaryImageOfPage":{"@id":"https:\/\/www.economyhotel.ee\/en\/pakkumised\/#primaryimage"},"image":{"@id":"https:\/\/www.economyhotel.ee\/en\/pakkumised\/#primaryimage"},"thumbnailUrl":"https:\/\/www.economyhotel.ee\/wp-content\/uploads\/2021\/11\/economy_hotel_info.jpg","datePublished":"2021-11-16T11:06:11+00:00","dateModified":"2022-11-30T13:09:48+00:00","breadcrumb":{"@id":"https:\/\/www.economyhotel.ee\/en\/pakkumised\/#breadcrumb"},"inLanguage":"en-US","potentialAction":[{"@type":"ReadAction","target":["https:\/\/www.economyhotel.ee\/en\/pakkumised\/"]}]},{"@type":"ImageObject","inLanguage":"en-US","@id":"https:\/\/www.economyhotel.ee\/en\/pakkumised\/#primaryimage","url":"https:\/\/www.economyhotel.ee\/wp-content\/uploads\/2021\/11\/economy_hotel_info.jpg","contentUrl":"https:\/\/www.economyhotel.ee\/wp-content\/uploads\/2021\/11\/economy_hotel_info.jpg"},{"@type":"BreadcrumbList","@id":"https:\/\/www.economyhotel.ee\/en\/pakkumised\/#breadcrumb","itemListElement":[{"@type":"ListItem","position":1,"name":"Home","item":"https:\/\/economyhotel.ee\/en\/"},{"@type":"ListItem","position":2,"name":"OFFERS"}]},{"@type":"WebSite","@id":"https:\/\/www.economyhotel.ee\/#website","url":"https:\/\/www.economyhotel.ee\/","name":"Economy hotell","description":"Economy Hotell Tallinn","potentialAction":[{"@type":"SearchAction","target":{"@type":"EntryPoint","urlTemplate":"https:\/\/www.economyhotel.ee\/?s={search_term_string}"},"query-input":{"@type":"PropertyValueSpecification","valueRequired":true,"valueName":"search_term_string"}}],"inLanguage":"en-US"}]}},"_links":{"self":[{"href":"https:\/\/www.economyhotel.ee\/en\/wp-json\/wp\/v2\/pages\/981","targetHints":{"allow":["GET"]}}],"collection":[{"href":"https:\/\/www.economyhotel.ee\/en\/wp-json\/wp\/v2\/pages"}],"about":[{"href":"https:\/\/www.economyhotel.ee\/en\/wp-json\/wp\/v2\/types\/page"}],"author":[{"embeddable":true,"href":"https:\/\/www.economyhotel.ee\/en\/wp-json\/wp\/v2\/users\/2"}],"replies":[{"embeddable":true,"href":"https:\/\/www.economyhotel.ee\/en\/wp-json\/wp\/v2\/comments?post=981"}],"version-history":[{"count":5,"href":"https:\/\/www.economyhotel.ee\/en\/wp-json\/wp\/v2\/pages\/981\/revisions"}],"predecessor-version":[{"id":1508,"href":"https:\/\/www.economyhotel.ee\/en\/wp-json\/wp\/v2\/pages\/981\/revisions\/1508"}],"wp:attachment":[{"href":"https:\/\/www.economyhotel.ee\/en\/wp-json\/wp\/v2\/media?parent=981"}],"curies":[{"name":"wp","href":"https:\/\/api.w.org\/{rel}","templated":true}]}}