{"id":965,"date":"2021-11-16T11:09:07","date_gmt":"2021-11-16T11:09:07","guid":{"rendered":"https:\/\/www.economyhotel.ee\/ajalugu\/"},"modified":"2022-11-30T13:29:40","modified_gmt":"2022-11-30T13:29:40","slug":"ajalugu","status":"publish","type":"page","link":"https:\/\/www.economyhotel.ee\/fi\/ajalugu\/","title":{"rendered":"HISTORIA"},"content":{"rendered":"\n<div class=\"wp-block-cover alignfull is-light\"><span aria-hidden=\"true\" class=\"wp-block-cover__background has-background-dim-10 has-background-dim\"><\/span><img loading=\"lazy\" decoding=\"async\" width=\"789\" height=\"538\" class=\"wp-block-cover__image-background wp-image-211\" alt=\"\" src=\"https:\/\/www.economyhotel.ee\/wp-content\/uploads\/2021\/11\/history_economy_hotel_1.jpg\" data-object-fit=\"cover\" srcset=\"https:\/\/www.economyhotel.ee\/wp-content\/uploads\/2021\/11\/history_economy_hotel_1.jpg 789w, https:\/\/www.economyhotel.ee\/wp-content\/uploads\/2021\/11\/history_economy_hotel_1-300x205.jpg 300w, https:\/\/www.economyhotel.ee\/wp-content\/uploads\/2021\/11\/history_economy_hotel_1-768x524.jpg 768w\" sizes=\"auto, (max-width: 789px) 100vw, 789px\" \/><div class=\"wp-block-cover__inner-container is-layout-flow wp-block-cover-is-layout-flow\">\n<h1 class=\"has-text-align-center has-white-color has-text-color wp-block-heading\">HISTORIA<\/h1>\n<\/div><\/div>\n\n\n\n<div style=\"height:10px\" aria-hidden=\"true\" class=\"wp-block-spacer\"><\/div>\n\n\n\n<div class=\"wp-block-columns is-layout-flex wp-container-core-columns-is-layout-9d6595d7 wp-block-columns-is-layout-flex\">\n<div class=\"wp-block-column is-vertically-aligned-center is-layout-flow wp-block-column-is-layout-flow\">\n<p class=\"has-text-align-center\">Pieni helmi vanhan kaupungin laidalla jo vuodesta 1890!<br>Huoneiden aikakaudelle aito tiiviys ja yksinkertaisuus on s\u00e4ilynyt t\u00e4h\u00e4n p\u00e4iv\u00e4\u00e4n asti.<\/p>\n\n\n\n<p class=\"has-text-align-center has-medium-font-size\">  <\/p>\n<\/div>\n<\/div>\n\n\n\n<div style=\"height:5px\" aria-hidden=\"true\" class=\"wp-block-spacer\"><\/div>\n\n\n\n<hr class=\"wp-block-separator has-css-opacity\"\/>\n\n\n\n<div class=\"wp-block-columns alignfull is-layout-flex wp-container-core-columns-is-layout-9d6595d7 wp-block-columns-is-layout-flex\">\n<div class=\"wp-block-column is-layout-flow wp-block-column-is-layout-flow\" style=\"flex-basis:66.66%\">\n<figure class=\"wp-block-gallery has-nested-images columns-default is-cropped wp-block-gallery-1 is-layout-flex wp-block-gallery-is-layout-flex\">\n<figure class=\"wp-block-image size-large\"><a href=\"https:\/\/www.economyhotel.ee\/wp-content\/uploads\/2021\/11\/history_economy_hotel_6.jpg\"><img loading=\"lazy\" decoding=\"async\" width=\"300\" height=\"210\" data-id=\"233\" src=\"https:\/\/www.economyhotel.ee\/wp-content\/uploads\/2021\/11\/history_economy_hotel_6.jpg\" alt=\"\" class=\"wp-image-233\"\/><\/a><\/figure>\n\n\n\n<figure class=\"wp-block-image size-large\"><a href=\"https:\/\/www.economyhotel.ee\/wp-content\/uploads\/2021\/11\/history_economy_hotel_5.jpg\"><img loading=\"lazy\" decoding=\"async\" width=\"300\" height=\"200\" data-id=\"229\" src=\"https:\/\/www.economyhotel.ee\/wp-content\/uploads\/2021\/11\/history_economy_hotel_5.jpg\" alt=\"\" class=\"wp-image-229\"\/><\/a><\/figure>\n\n\n\n<figure class=\"wp-block-image size-large\"><a href=\"https:\/\/www.economyhotel.ee\/wp-content\/uploads\/2021\/11\/history_economy_hotel_4-1024x652.jpg\"><img loading=\"lazy\" decoding=\"async\" width=\"1024\" height=\"652\" data-id=\"225\" src=\"https:\/\/www.economyhotel.ee\/wp-content\/uploads\/2021\/11\/history_economy_hotel_4-1024x652.jpg\" alt=\"\" class=\"wp-image-225\" srcset=\"https:\/\/www.economyhotel.ee\/wp-content\/uploads\/2021\/11\/history_economy_hotel_4-1024x652.jpg 1024w, https:\/\/www.economyhotel.ee\/wp-content\/uploads\/2021\/11\/history_economy_hotel_4-300x191.jpg 300w, https:\/\/www.economyhotel.ee\/wp-content\/uploads\/2021\/11\/history_economy_hotel_4-768x489.jpg 768w, https:\/\/www.economyhotel.ee\/wp-content\/uploads\/2021\/11\/history_economy_hotel_4.jpg 1206w\" sizes=\"auto, (max-width: 1024px) 100vw, 1024px\" \/><\/a><\/figure>\n\n\n\n<figure class=\"wp-block-image size-large\"><a href=\"https:\/\/www.economyhotel.ee\/wp-content\/uploads\/2021\/11\/history_economy_hotel_3-1024x666.jpg\"><img loading=\"lazy\" decoding=\"async\" width=\"1024\" height=\"666\" data-id=\"219\" src=\"https:\/\/www.economyhotel.ee\/wp-content\/uploads\/2021\/11\/history_economy_hotel_3-1024x666.jpg\" alt=\"\" class=\"wp-image-219\" srcset=\"https:\/\/www.economyhotel.ee\/wp-content\/uploads\/2021\/11\/history_economy_hotel_3-1024x666.jpg 1024w, https:\/\/www.economyhotel.ee\/wp-content\/uploads\/2021\/11\/history_economy_hotel_3-300x195.jpg 300w, https:\/\/www.economyhotel.ee\/wp-content\/uploads\/2021\/11\/history_economy_hotel_3-768x499.jpg 768w, https:\/\/www.economyhotel.ee\/wp-content\/uploads\/2021\/11\/history_economy_hotel_3.jpg 1080w\" sizes=\"auto, (max-width: 1024px) 100vw, 1024px\" \/><\/a><\/figure>\n\n\n\n<figure class=\"wp-block-image size-large\"><a href=\"https:\/\/www.economyhotel.ee\/wp-content\/uploads\/2021\/11\/history_economy_hotel_2.jpg\"><img loading=\"lazy\" decoding=\"async\" width=\"800\" height=\"553\" data-id=\"215\" src=\"https:\/\/www.economyhotel.ee\/wp-content\/uploads\/2021\/11\/history_economy_hotel_2.jpg\" alt=\"\" class=\"wp-image-215\" srcset=\"https:\/\/www.economyhotel.ee\/wp-content\/uploads\/2021\/11\/history_economy_hotel_2.jpg 800w, https:\/\/www.economyhotel.ee\/wp-content\/uploads\/2021\/11\/history_economy_hotel_2-300x207.jpg 300w, https:\/\/www.economyhotel.ee\/wp-content\/uploads\/2021\/11\/history_economy_hotel_2-768x531.jpg 768w\" sizes=\"auto, (max-width: 800px) 100vw, 800px\" \/><\/a><\/figure>\n\n\n\n<figure class=\"wp-block-image size-large\"><a href=\"https:\/\/www.economyhotel.ee\/wp-content\/uploads\/2021\/11\/history_economy_hotel_1.jpg\"><img loading=\"lazy\" decoding=\"async\" width=\"789\" height=\"538\" data-id=\"211\" src=\"https:\/\/www.economyhotel.ee\/wp-content\/uploads\/2021\/11\/history_economy_hotel_1.jpg\" alt=\"\" class=\"wp-image-211\" srcset=\"https:\/\/www.economyhotel.ee\/wp-content\/uploads\/2021\/11\/history_economy_hotel_1.jpg 789w, https:\/\/www.economyhotel.ee\/wp-content\/uploads\/2021\/11\/history_economy_hotel_1-300x205.jpg 300w, https:\/\/www.economyhotel.ee\/wp-content\/uploads\/2021\/11\/history_economy_hotel_1-768x524.jpg 768w\" sizes=\"auto, (max-width: 789px) 100vw, 789px\" \/><\/a><\/figure>\n<\/figure>\n<\/div>\n\n\n\n<div class=\"wp-block-column is-layout-flow wp-block-column-is-layout-flow\" style=\"flex-basis:33.33%\">\n<p>Talo rakennettiin hotelliksi 1800-luvun lopulla ja nimi oli sitten &#8221;Grand Hotell&#8221; ja t\u00e4m\u00e4 hotelli oli yksi ensimm\u00e4isist\u00e4 Tallinnassa.<\/p>\n\n\n\n<p>Olemme s\u00e4ilytt\u00e4neet talossamme aikakauden tunnelmaa ja erotumme suurista ketjuhotelleista esimerkiksi 1800-luvun lopun halkeilevalla puuportaalla, joka johtaa vieraat toisen ja kolmannen kerroksen huoneisiin. Rakennus kunnostettiin 1920-luvulla, ja vuoteen 1940 saakka siin\u00e4 toimi hotelli ja ravintola-y\u00f6kerho. Tiedet\u00e4\u00e4n, ett\u00e4 rakennuksessa on toiminut my\u00f6s hotelli &#8221;Kopli&#8221;, jolloin nykyist\u00e4 Koplin katua kutsuttiin Kalinin kaduksi. Talo selviytyi my\u00f6s maaliskuun pommituksesta vuonna 1944, jolloin suuri osa Tallinnasta tuhoutui.<\/p>\n\n\n\n<p>Vuonna 2003 rakennus kunnostettiin kokonaan ja se tiedettiin nimell\u00e4 &#8221;Sk\u00e5ne Hotell&#8221;. Vuodesta 2010 sai hotelli nimekseen Economy ja vuonna 2012 kunnostettiin huoneet.<\/p>\n<\/div>\n<\/div>\n","protected":false},"excerpt":{"rendered":"<p>Pieni helmi vanhan kaupungin laidalla jo vuodesta 1890!Huoneiden aikakaudelle aito tiiviys ja yksinkertaisuus on s\u00e4ilynyt t\u00e4h\u00e4n p\u00e4iv\u00e4\u00e4n asti. Talo rakennettiin hotelliksi 1800-luvun lopulla ja nimi oli sitten &#8221;Grand Hotell&#8221; ja t\u00e4m\u00e4 hotelli oli yksi ensimm\u00e4isist\u00e4 Tallinnassa. Olemme s\u00e4ilytt\u00e4neet talossamme aikakauden tunnelmaa ja erotumme suurista ketjuhotelleista esimerkiksi 1800-luvun lopun halkeilevalla puuportaalla, joka johtaa vieraat toisen ja [&hellip;]<\/p>\n","protected":false},"author":2,"featured_media":0,"parent":0,"menu_order":0,"comment_status":"closed","ping_status":"closed","template":"","meta":{"inline_featured_image":false,"footnotes":""},"class_list":["post-965","page","type-page","status-publish","hentry"],"yoast_head":"<!-- This site is optimized with the Yoast SEO plugin v27.4 - https:\/\/yoast.com\/product\/yoast-seo-wordpress\/ -->\n<title>HISTORIA - Economy hotell<\/title>\n<meta name=\"robots\" content=\"index, follow, max-snippet:-1, max-image-preview:large, max-video-preview:-1\" \/>\n<link rel=\"canonical\" href=\"https:\/\/economyhotel.ee\/fi\/ajalugu\/\" \/>\n<meta property=\"og:locale\" content=\"fi_FI\" \/>\n<meta property=\"og:type\" content=\"article\" \/>\n<meta property=\"og:title\" content=\"HISTORIA - Economy hotell\" \/>\n<meta property=\"og:description\" content=\"Pieni helmi vanhan kaupungin laidalla jo vuodesta 1890!Huoneiden aikakaudelle aito tiiviys ja yksinkertaisuus on s\u00e4ilynyt t\u00e4h\u00e4n p\u00e4iv\u00e4\u00e4n asti. Talo rakennettiin hotelliksi 1800-luvun lopulla ja nimi oli sitten &#8221;Grand Hotell&#8221; ja t\u00e4m\u00e4 hotelli oli yksi ensimm\u00e4isist\u00e4 Tallinnassa. Olemme s\u00e4ilytt\u00e4neet talossamme aikakauden tunnelmaa ja erotumme suurista ketjuhotelleista esimerkiksi 1800-luvun lopun halkeilevalla puuportaalla, joka johtaa vieraat toisen ja [&hellip;]\" \/>\n<meta property=\"og:url\" content=\"https:\/\/economyhotel.ee\/fi\/ajalugu\/\" \/>\n<meta property=\"og:site_name\" content=\"Economy hotell\" \/>\n<meta property=\"article:modified_time\" content=\"2022-11-30T13:29:40+00:00\" \/>\n<meta property=\"og:image\" content=\"https:\/\/www.economyhotel.ee\/wp-content\/uploads\/2021\/11\/history_economy_hotel_1.jpg\" \/>\n<meta name=\"twitter:card\" content=\"summary_large_image\" \/>\n<meta name=\"twitter:label1\" content=\"Arvioitu lukuaika\" \/>\n\t<meta name=\"twitter:data1\" content=\"1 minuutti\" \/>\n<script type=\"application\/ld+json\" class=\"yoast-schema-graph\">{\"@context\":\"https:\\\/\\\/schema.org\",\"@graph\":[{\"@type\":\"WebPage\",\"@id\":\"https:\\\/\\\/economyhotel.ee\\\/fi\\\/ajalugu\\\/\",\"url\":\"https:\\\/\\\/economyhotel.ee\\\/fi\\\/ajalugu\\\/\",\"name\":\"HISTORIA - Economy hotell\",\"isPartOf\":{\"@id\":\"https:\\\/\\\/www.economyhotel.ee\\\/#website\"},\"primaryImageOfPage\":{\"@id\":\"https:\\\/\\\/economyhotel.ee\\\/fi\\\/ajalugu\\\/#primaryimage\"},\"image\":{\"@id\":\"https:\\\/\\\/economyhotel.ee\\\/fi\\\/ajalugu\\\/#primaryimage\"},\"thumbnailUrl\":\"https:\\\/\\\/www.economyhotel.ee\\\/wp-content\\\/uploads\\\/2021\\\/11\\\/history_economy_hotel_1.jpg\",\"datePublished\":\"2021-11-16T11:09:07+00:00\",\"dateModified\":\"2022-11-30T13:29:40+00:00\",\"breadcrumb\":{\"@id\":\"https:\\\/\\\/economyhotel.ee\\\/fi\\\/ajalugu\\\/#breadcrumb\"},\"inLanguage\":\"fi\",\"potentialAction\":[{\"@type\":\"ReadAction\",\"target\":[\"https:\\\/\\\/economyhotel.ee\\\/fi\\\/ajalugu\\\/\"]}]},{\"@type\":\"ImageObject\",\"inLanguage\":\"fi\",\"@id\":\"https:\\\/\\\/economyhotel.ee\\\/fi\\\/ajalugu\\\/#primaryimage\",\"url\":\"https:\\\/\\\/www.economyhotel.ee\\\/wp-content\\\/uploads\\\/2021\\\/11\\\/history_economy_hotel_1.jpg\",\"contentUrl\":\"https:\\\/\\\/www.economyhotel.ee\\\/wp-content\\\/uploads\\\/2021\\\/11\\\/history_economy_hotel_1.jpg\"},{\"@type\":\"BreadcrumbList\",\"@id\":\"https:\\\/\\\/economyhotel.ee\\\/fi\\\/ajalugu\\\/#breadcrumb\",\"itemListElement\":[{\"@type\":\"ListItem\",\"position\":1,\"name\":\"Home\",\"item\":\"https:\\\/\\\/www.economyhotel.ee\\\/fi\\\/\"},{\"@type\":\"ListItem\",\"position\":2,\"name\":\"HISTORIA\"}]},{\"@type\":\"WebSite\",\"@id\":\"https:\\\/\\\/www.economyhotel.ee\\\/#website\",\"url\":\"https:\\\/\\\/www.economyhotel.ee\\\/\",\"name\":\"Economy hotell\",\"description\":\"Economy Hotell Tallinn\",\"potentialAction\":[{\"@type\":\"SearchAction\",\"target\":{\"@type\":\"EntryPoint\",\"urlTemplate\":\"https:\\\/\\\/www.economyhotel.ee\\\/?s={search_term_string}\"},\"query-input\":{\"@type\":\"PropertyValueSpecification\",\"valueRequired\":true,\"valueName\":\"search_term_string\"}}],\"inLanguage\":\"fi\"}]}<\/script>\n<!-- \/ Yoast SEO plugin. -->","yoast_head_json":{"title":"HISTORIA - Economy hotell","robots":{"index":"index","follow":"follow","max-snippet":"max-snippet:-1","max-image-preview":"max-image-preview:large","max-video-preview":"max-video-preview:-1"},"canonical":"https:\/\/economyhotel.ee\/fi\/ajalugu\/","og_locale":"fi_FI","og_type":"article","og_title":"HISTORIA - Economy hotell","og_description":"Pieni helmi vanhan kaupungin laidalla jo vuodesta 1890!Huoneiden aikakaudelle aito tiiviys ja yksinkertaisuus on s\u00e4ilynyt t\u00e4h\u00e4n p\u00e4iv\u00e4\u00e4n asti. Talo rakennettiin hotelliksi 1800-luvun lopulla ja nimi oli sitten &#8221;Grand Hotell&#8221; ja t\u00e4m\u00e4 hotelli oli yksi ensimm\u00e4isist\u00e4 Tallinnassa. Olemme s\u00e4ilytt\u00e4neet talossamme aikakauden tunnelmaa ja erotumme suurista ketjuhotelleista esimerkiksi 1800-luvun lopun halkeilevalla puuportaalla, joka johtaa vieraat toisen ja [&hellip;]","og_url":"https:\/\/economyhotel.ee\/fi\/ajalugu\/","og_site_name":"Economy hotell","article_modified_time":"2022-11-30T13:29:40+00:00","og_image":[{"url":"https:\/\/www.economyhotel.ee\/wp-content\/uploads\/2021\/11\/history_economy_hotel_1.jpg","type":"","width":"","height":""}],"twitter_card":"summary_large_image","twitter_misc":{"Arvioitu lukuaika":"1 minuutti"},"schema":{"@context":"https:\/\/schema.org","@graph":[{"@type":"WebPage","@id":"https:\/\/economyhotel.ee\/fi\/ajalugu\/","url":"https:\/\/economyhotel.ee\/fi\/ajalugu\/","name":"HISTORIA - Economy hotell","isPartOf":{"@id":"https:\/\/www.economyhotel.ee\/#website"},"primaryImageOfPage":{"@id":"https:\/\/economyhotel.ee\/fi\/ajalugu\/#primaryimage"},"image":{"@id":"https:\/\/economyhotel.ee\/fi\/ajalugu\/#primaryimage"},"thumbnailUrl":"https:\/\/www.economyhotel.ee\/wp-content\/uploads\/2021\/11\/history_economy_hotel_1.jpg","datePublished":"2021-11-16T11:09:07+00:00","dateModified":"2022-11-30T13:29:40+00:00","breadcrumb":{"@id":"https:\/\/economyhotel.ee\/fi\/ajalugu\/#breadcrumb"},"inLanguage":"fi","potentialAction":[{"@type":"ReadAction","target":["https:\/\/economyhotel.ee\/fi\/ajalugu\/"]}]},{"@type":"ImageObject","inLanguage":"fi","@id":"https:\/\/economyhotel.ee\/fi\/ajalugu\/#primaryimage","url":"https:\/\/www.economyhotel.ee\/wp-content\/uploads\/2021\/11\/history_economy_hotel_1.jpg","contentUrl":"https:\/\/www.economyhotel.ee\/wp-content\/uploads\/2021\/11\/history_economy_hotel_1.jpg"},{"@type":"BreadcrumbList","@id":"https:\/\/economyhotel.ee\/fi\/ajalugu\/#breadcrumb","itemListElement":[{"@type":"ListItem","position":1,"name":"Home","item":"https:\/\/www.economyhotel.ee\/fi\/"},{"@type":"ListItem","position":2,"name":"HISTORIA"}]},{"@type":"WebSite","@id":"https:\/\/www.economyhotel.ee\/#website","url":"https:\/\/www.economyhotel.ee\/","name":"Economy hotell","description":"Economy Hotell Tallinn","potentialAction":[{"@type":"SearchAction","target":{"@type":"EntryPoint","urlTemplate":"https:\/\/www.economyhotel.ee\/?s={search_term_string}"},"query-input":{"@type":"PropertyValueSpecification","valueRequired":true,"valueName":"search_term_string"}}],"inLanguage":"fi"}]}},"_links":{"self":[{"href":"https:\/\/www.economyhotel.ee\/fi\/wp-json\/wp\/v2\/pages\/965","targetHints":{"allow":["GET"]}}],"collection":[{"href":"https:\/\/www.economyhotel.ee\/fi\/wp-json\/wp\/v2\/pages"}],"about":[{"href":"https:\/\/www.economyhotel.ee\/fi\/wp-json\/wp\/v2\/types\/page"}],"author":[{"embeddable":true,"href":"https:\/\/www.economyhotel.ee\/fi\/wp-json\/wp\/v2\/users\/2"}],"replies":[{"embeddable":true,"href":"https:\/\/www.economyhotel.ee\/fi\/wp-json\/wp\/v2\/comments?post=965"}],"version-history":[{"count":1,"href":"https:\/\/www.economyhotel.ee\/fi\/wp-json\/wp\/v2\/pages\/965\/revisions"}],"predecessor-version":[{"id":1551,"href":"https:\/\/www.economyhotel.ee\/fi\/wp-json\/wp\/v2\/pages\/965\/revisions\/1551"}],"wp:attachment":[{"href":"https:\/\/www.economyhotel.ee\/fi\/wp-json\/wp\/v2\/media?parent=965"}],"curies":[{"name":"wp","href":"https:\/\/api.w.org\/{rel}","templated":true}]}}