{"id":976,"date":"2021-12-06T13:21:48","date_gmt":"2021-12-06T13:21:48","guid":{"rendered":"https:\/\/www.economyhotel.ee\/lemmiklooma-omaniku-meelespea\/"},"modified":"2025-03-31T06:55:09","modified_gmt":"2025-03-31T06:55:09","slug":"lemmiklooma-omaniku-meelespea","status":"publish","type":"page","link":"https:\/\/www.economyhotel.ee\/fi\/lemmiklooma-omaniku-meelespea\/","title":{"rendered":"LEMMIKIT HOTELLISSA"},"content":{"rendered":"\n<div class=\"wp-block-cover alignfull is-light\"><span aria-hidden=\"true\" class=\"wp-block-cover__background has-background-dim-20 has-background-dim\"><\/span><img loading=\"lazy\" decoding=\"async\" width=\"400\" height=\"267\" class=\"wp-block-cover__image-background wp-image-558\" alt=\"\" src=\"https:\/\/www.economyhotel.ee\/wp-content\/uploads\/2021\/11\/27219974999_ccaffd8cb8_w.jpg\" style=\"object-position:47% 46%\" data-object-fit=\"cover\" data-object-position=\"47% 46%\" srcset=\"https:\/\/www.economyhotel.ee\/wp-content\/uploads\/2021\/11\/27219974999_ccaffd8cb8_w.jpg 400w, https:\/\/www.economyhotel.ee\/wp-content\/uploads\/2021\/11\/27219974999_ccaffd8cb8_w-300x200.jpg 300w\" sizes=\"auto, (max-width: 400px) 100vw, 400px\" \/><div class=\"wp-block-cover__inner-container is-layout-flow wp-block-cover-is-layout-flow\">\n<p class=\"has-text-align-center has-white-color has-text-color has-large-font-size\">LEMMIKIT HOTELLISSA <\/p>\n<\/div><\/div>\n\n\n\n<div style=\"height:40px\" aria-hidden=\"true\" class=\"wp-block-spacer\"><\/div>\n\n\n\n<p class=\"has-text-align-center\">Sek\u00e4 koirat ett\u00e4 kissat ovat tervetulleita hotelliimme. Jos haluat ottaa jonkin muun lemmikkiel\u00e4imen mukaasi hotelliin, keskustele hotellin henkil\u00f6kunnan kanssa etuk\u00e4teen<\/p>\n\n\n\n<hr class=\"wp-block-separator has-css-opacity\"\/>\n\n\n\n<div class=\"wp-block-columns alignfull are-vertically-aligned-top is-layout-flex wp-container-core-columns-is-layout-9d6595d7 wp-block-columns-is-layout-flex\">\n<div class=\"wp-block-column is-vertically-aligned-top is-layout-flow wp-block-column-is-layout-flow\">\n<p class=\"has-text-align-left\">     \u00c4l\u00e4 j\u00e4t\u00e4 lemmikki\u00e4 valvomatta huoneeseen. <\/p>\n\n\n\n<p class=\"has-text-align-left\">Kiireellisiss\u00e4 tapauksissa pyyd\u00e4mme j\u00e4tt\u00e4m\u00e4\u00e4n ovenkahvaan k\u00e4yt\u00e4v\u00e4n puolelle &#8221;Ei saa h\u00e4irit\u00e4&#8221; -kyltin.<\/p>\n\n\n\n<p class=\"has-text-align-left\">Poistuessasi huoneesta pyyd\u00e4mme turvallisuussyist\u00e4 j\u00e4tt\u00e4m\u00e4\u00e4n lemmikin h\u00e4kkiin.<\/p>\n\n\n\n<p class=\"has-text-align-left\">K\u00e4yt\u00e4 kaulapantaa ulkoiluttaessaan lemmikki\u00e4si hotellin alueella. Ulosteet tulee vied\u00e4 niille tarkoitetussa muovipussissa l\u00e4himp\u00e4\u00e4n j\u00e4teastiaan. Kuljeta lemmikkisi hotellin pys\u00e4k\u00f6intialueen ulkopuolelle.<\/p>\n\n\n\n<p class=\"has-text-align-left\">Lemmikkej\u00e4 ei saa ottaa mukaan aamiaiselle eik\u00e4 ravintolaan.<\/p>\n\n\n\n<p>Lemmikki saa olla vain siin\u00e4 huoneessa, johon se on rekister\u00f6ity.<\/p>\n<\/div>\n\n\n\n<div class=\"wp-block-column is-vertically-aligned-top is-layout-flow wp-block-column-is-layout-flow\">\n<p class=\"has-text-align-left\"> Hotellilla on oikeus vaatia h\u00e4iritsev\u00e4n lemmikkiel\u00e4imen omistajaa poistumaan hotellista lemmikkins\u00e4 kanssa (esimerkiksi koiran jatkuvan kova\u00e4\u00e4nisen haukkumisen vuoksi).<\/p>\n\n\n\n<p>Hotellilla on oikeus vaatia lemmikin omistajalta korvaus lemmikin aiheuttamista vahingoista, jos esimerkiksi huoneessa on teht\u00e4v\u00e4 huoneenluovutuksen j\u00e4lkeen suursiivous (esimerkiksi kemiallinen pesu).<\/p>\n\n\n\n<p class=\"has-text-align-left\">Pyyd\u00e4mme ilmoittamaan hotellin vastaanottoon huoneen p\u00e4iv\u00e4siivoustoiveesta. P\u00e4iv\u00e4siivousta ei tehd\u00e4 sopimatta siit\u00e4 etuk\u00e4teen. Hotellin ty\u00f6ntekij\u00f6iden turvallisuuden vuoksi lemmikki ei saa olla huoneessa siivouksen aikana.<\/p>\n\n\n\n<p>Lemmikkimaksu on 12\u20ac\/ y\u00f6\/ lemmikki.<\/p>\n\n\n\n<p><\/p>\n<\/div>\n<\/div>\n\n\n\n<hr class=\"wp-block-separator has-css-opacity\"\/>\n","protected":false},"excerpt":{"rendered":"<p>Sek\u00e4 koirat ett\u00e4 kissat ovat tervetulleita hotelliimme. Jos haluat ottaa jonkin muun lemmikkiel\u00e4imen mukaasi hotelliin, keskustele hotellin henkil\u00f6kunnan kanssa etuk\u00e4teen \u00c4l\u00e4 j\u00e4t\u00e4 lemmikki\u00e4 valvomatta huoneeseen. Kiireellisiss\u00e4 tapauksissa pyyd\u00e4mme j\u00e4tt\u00e4m\u00e4\u00e4n ovenkahvaan k\u00e4yt\u00e4v\u00e4n puolelle &#8221;Ei saa h\u00e4irit\u00e4&#8221; -kyltin. Poistuessasi huoneesta pyyd\u00e4mme turvallisuussyist\u00e4 j\u00e4tt\u00e4m\u00e4\u00e4n lemmikin h\u00e4kkiin. K\u00e4yt\u00e4 kaulapantaa ulkoiluttaessaan lemmikki\u00e4si hotellin alueella. Ulosteet tulee vied\u00e4 niille tarkoitetussa muovipussissa [&hellip;]<\/p>\n","protected":false},"author":2,"featured_media":0,"parent":0,"menu_order":0,"comment_status":"closed","ping_status":"closed","template":"","meta":{"inline_featured_image":false,"footnotes":""},"class_list":["post-976","page","type-page","status-publish","hentry"],"yoast_head":"<!-- This site is optimized with the Yoast SEO plugin v27.5 - https:\/\/yoast.com\/product\/yoast-seo-wordpress\/ -->\n<title>LEMMIKIT HOTELLISSA - Economy hotell<\/title>\n<meta name=\"robots\" content=\"index, follow, max-snippet:-1, max-image-preview:large, max-video-preview:-1\" \/>\n<link rel=\"canonical\" href=\"https:\/\/www.economyhotel.ee\/fi\/lemmiklooma-omaniku-meelespea\/\" \/>\n<meta property=\"og:locale\" content=\"fi_FI\" \/>\n<meta property=\"og:type\" content=\"article\" \/>\n<meta property=\"og:title\" content=\"LEMMIKIT HOTELLISSA - Economy hotell\" \/>\n<meta property=\"og:description\" content=\"Sek\u00e4 koirat ett\u00e4 kissat ovat tervetulleita hotelliimme. Jos haluat ottaa jonkin muun lemmikkiel\u00e4imen mukaasi hotelliin, keskustele hotellin henkil\u00f6kunnan kanssa etuk\u00e4teen \u00c4l\u00e4 j\u00e4t\u00e4 lemmikki\u00e4 valvomatta huoneeseen. Kiireellisiss\u00e4 tapauksissa pyyd\u00e4mme j\u00e4tt\u00e4m\u00e4\u00e4n ovenkahvaan k\u00e4yt\u00e4v\u00e4n puolelle &#8221;Ei saa h\u00e4irit\u00e4&#8221; -kyltin. Poistuessasi huoneesta pyyd\u00e4mme turvallisuussyist\u00e4 j\u00e4tt\u00e4m\u00e4\u00e4n lemmikin h\u00e4kkiin. K\u00e4yt\u00e4 kaulapantaa ulkoiluttaessaan lemmikki\u00e4si hotellin alueella. Ulosteet tulee vied\u00e4 niille tarkoitetussa muovipussissa [&hellip;]\" \/>\n<meta property=\"og:url\" content=\"https:\/\/www.economyhotel.ee\/fi\/lemmiklooma-omaniku-meelespea\/\" \/>\n<meta property=\"og:site_name\" content=\"Economy hotell\" \/>\n<meta property=\"article:modified_time\" content=\"2025-03-31T06:55:09+00:00\" \/>\n<meta property=\"og:image\" content=\"https:\/\/www.economyhotel.ee\/wp-content\/uploads\/2021\/11\/27219974999_ccaffd8cb8_w.jpg\" \/>\n<meta name=\"twitter:card\" content=\"summary_large_image\" \/>\n<meta name=\"twitter:label1\" content=\"Arvioitu lukuaika\" \/>\n\t<meta name=\"twitter:data1\" content=\"1 minuutti\" \/>\n<script type=\"application\/ld+json\" class=\"yoast-schema-graph\">{\"@context\":\"https:\\\/\\\/schema.org\",\"@graph\":[{\"@type\":\"WebPage\",\"@id\":\"https:\\\/\\\/www.economyhotel.ee\\\/fi\\\/lemmiklooma-omaniku-meelespea\\\/\",\"url\":\"https:\\\/\\\/www.economyhotel.ee\\\/fi\\\/lemmiklooma-omaniku-meelespea\\\/\",\"name\":\"LEMMIKIT HOTELLISSA - Economy hotell\",\"isPartOf\":{\"@id\":\"https:\\\/\\\/economyhotel.ee\\\/en\\\/#website\"},\"primaryImageOfPage\":{\"@id\":\"https:\\\/\\\/www.economyhotel.ee\\\/fi\\\/lemmiklooma-omaniku-meelespea\\\/#primaryimage\"},\"image\":{\"@id\":\"https:\\\/\\\/www.economyhotel.ee\\\/fi\\\/lemmiklooma-omaniku-meelespea\\\/#primaryimage\"},\"thumbnailUrl\":\"https:\\\/\\\/www.economyhotel.ee\\\/wp-content\\\/uploads\\\/2021\\\/11\\\/27219974999_ccaffd8cb8_w.jpg\",\"datePublished\":\"2021-12-06T13:21:48+00:00\",\"dateModified\":\"2025-03-31T06:55:09+00:00\",\"breadcrumb\":{\"@id\":\"https:\\\/\\\/www.economyhotel.ee\\\/fi\\\/lemmiklooma-omaniku-meelespea\\\/#breadcrumb\"},\"inLanguage\":\"fi\",\"potentialAction\":[{\"@type\":\"ReadAction\",\"target\":[\"https:\\\/\\\/www.economyhotel.ee\\\/fi\\\/lemmiklooma-omaniku-meelespea\\\/\"]}]},{\"@type\":\"ImageObject\",\"inLanguage\":\"fi\",\"@id\":\"https:\\\/\\\/www.economyhotel.ee\\\/fi\\\/lemmiklooma-omaniku-meelespea\\\/#primaryimage\",\"url\":\"https:\\\/\\\/www.economyhotel.ee\\\/wp-content\\\/uploads\\\/2021\\\/11\\\/27219974999_ccaffd8cb8_w.jpg\",\"contentUrl\":\"https:\\\/\\\/www.economyhotel.ee\\\/wp-content\\\/uploads\\\/2021\\\/11\\\/27219974999_ccaffd8cb8_w.jpg\"},{\"@type\":\"BreadcrumbList\",\"@id\":\"https:\\\/\\\/www.economyhotel.ee\\\/fi\\\/lemmiklooma-omaniku-meelespea\\\/#breadcrumb\",\"itemListElement\":[{\"@type\":\"ListItem\",\"position\":1,\"name\":\"Home\",\"item\":\"https:\\\/\\\/www.economyhotel.ee\\\/fi\\\/\"},{\"@type\":\"ListItem\",\"position\":2,\"name\":\"LEMMIKIT HOTELLISSA\"}]},{\"@type\":\"WebSite\",\"@id\":\"https:\\\/\\\/economyhotel.ee\\\/en\\\/#website\",\"url\":\"https:\\\/\\\/economyhotel.ee\\\/en\\\/\",\"name\":\"Economy hotell\",\"description\":\"Economy Hotell Tallinn\",\"potentialAction\":[{\"@type\":\"SearchAction\",\"target\":{\"@type\":\"EntryPoint\",\"urlTemplate\":\"https:\\\/\\\/economyhotel.ee\\\/en\\\/?s={search_term_string}\"},\"query-input\":{\"@type\":\"PropertyValueSpecification\",\"valueRequired\":true,\"valueName\":\"search_term_string\"}}],\"inLanguage\":\"fi\"}]}<\/script>\n<!-- \/ Yoast SEO plugin. -->","yoast_head_json":{"title":"LEMMIKIT HOTELLISSA - Economy hotell","robots":{"index":"index","follow":"follow","max-snippet":"max-snippet:-1","max-image-preview":"max-image-preview:large","max-video-preview":"max-video-preview:-1"},"canonical":"https:\/\/www.economyhotel.ee\/fi\/lemmiklooma-omaniku-meelespea\/","og_locale":"fi_FI","og_type":"article","og_title":"LEMMIKIT HOTELLISSA - Economy hotell","og_description":"Sek\u00e4 koirat ett\u00e4 kissat ovat tervetulleita hotelliimme. Jos haluat ottaa jonkin muun lemmikkiel\u00e4imen mukaasi hotelliin, keskustele hotellin henkil\u00f6kunnan kanssa etuk\u00e4teen \u00c4l\u00e4 j\u00e4t\u00e4 lemmikki\u00e4 valvomatta huoneeseen. Kiireellisiss\u00e4 tapauksissa pyyd\u00e4mme j\u00e4tt\u00e4m\u00e4\u00e4n ovenkahvaan k\u00e4yt\u00e4v\u00e4n puolelle &#8221;Ei saa h\u00e4irit\u00e4&#8221; -kyltin. Poistuessasi huoneesta pyyd\u00e4mme turvallisuussyist\u00e4 j\u00e4tt\u00e4m\u00e4\u00e4n lemmikin h\u00e4kkiin. K\u00e4yt\u00e4 kaulapantaa ulkoiluttaessaan lemmikki\u00e4si hotellin alueella. Ulosteet tulee vied\u00e4 niille tarkoitetussa muovipussissa [&hellip;]","og_url":"https:\/\/www.economyhotel.ee\/fi\/lemmiklooma-omaniku-meelespea\/","og_site_name":"Economy hotell","article_modified_time":"2025-03-31T06:55:09+00:00","og_image":[{"url":"https:\/\/www.economyhotel.ee\/wp-content\/uploads\/2021\/11\/27219974999_ccaffd8cb8_w.jpg","type":"","width":"","height":""}],"twitter_card":"summary_large_image","twitter_misc":{"Arvioitu lukuaika":"1 minuutti"},"schema":{"@context":"https:\/\/schema.org","@graph":[{"@type":"WebPage","@id":"https:\/\/www.economyhotel.ee\/fi\/lemmiklooma-omaniku-meelespea\/","url":"https:\/\/www.economyhotel.ee\/fi\/lemmiklooma-omaniku-meelespea\/","name":"LEMMIKIT HOTELLISSA - Economy hotell","isPartOf":{"@id":"https:\/\/economyhotel.ee\/en\/#website"},"primaryImageOfPage":{"@id":"https:\/\/www.economyhotel.ee\/fi\/lemmiklooma-omaniku-meelespea\/#primaryimage"},"image":{"@id":"https:\/\/www.economyhotel.ee\/fi\/lemmiklooma-omaniku-meelespea\/#primaryimage"},"thumbnailUrl":"https:\/\/www.economyhotel.ee\/wp-content\/uploads\/2021\/11\/27219974999_ccaffd8cb8_w.jpg","datePublished":"2021-12-06T13:21:48+00:00","dateModified":"2025-03-31T06:55:09+00:00","breadcrumb":{"@id":"https:\/\/www.economyhotel.ee\/fi\/lemmiklooma-omaniku-meelespea\/#breadcrumb"},"inLanguage":"fi","potentialAction":[{"@type":"ReadAction","target":["https:\/\/www.economyhotel.ee\/fi\/lemmiklooma-omaniku-meelespea\/"]}]},{"@type":"ImageObject","inLanguage":"fi","@id":"https:\/\/www.economyhotel.ee\/fi\/lemmiklooma-omaniku-meelespea\/#primaryimage","url":"https:\/\/www.economyhotel.ee\/wp-content\/uploads\/2021\/11\/27219974999_ccaffd8cb8_w.jpg","contentUrl":"https:\/\/www.economyhotel.ee\/wp-content\/uploads\/2021\/11\/27219974999_ccaffd8cb8_w.jpg"},{"@type":"BreadcrumbList","@id":"https:\/\/www.economyhotel.ee\/fi\/lemmiklooma-omaniku-meelespea\/#breadcrumb","itemListElement":[{"@type":"ListItem","position":1,"name":"Home","item":"https:\/\/www.economyhotel.ee\/fi\/"},{"@type":"ListItem","position":2,"name":"LEMMIKIT HOTELLISSA"}]},{"@type":"WebSite","@id":"https:\/\/economyhotel.ee\/en\/#website","url":"https:\/\/economyhotel.ee\/en\/","name":"Economy hotell","description":"Economy Hotell Tallinn","potentialAction":[{"@type":"SearchAction","target":{"@type":"EntryPoint","urlTemplate":"https:\/\/economyhotel.ee\/en\/?s={search_term_string}"},"query-input":{"@type":"PropertyValueSpecification","valueRequired":true,"valueName":"search_term_string"}}],"inLanguage":"fi"}]}},"_links":{"self":[{"href":"https:\/\/www.economyhotel.ee\/fi\/wp-json\/wp\/v2\/pages\/976","targetHints":{"allow":["GET"]}}],"collection":[{"href":"https:\/\/www.economyhotel.ee\/fi\/wp-json\/wp\/v2\/pages"}],"about":[{"href":"https:\/\/www.economyhotel.ee\/fi\/wp-json\/wp\/v2\/types\/page"}],"author":[{"embeddable":true,"href":"https:\/\/www.economyhotel.ee\/fi\/wp-json\/wp\/v2\/users\/2"}],"replies":[{"embeddable":true,"href":"https:\/\/www.economyhotel.ee\/fi\/wp-json\/wp\/v2\/comments?post=976"}],"version-history":[{"count":5,"href":"https:\/\/www.economyhotel.ee\/fi\/wp-json\/wp\/v2\/pages\/976\/revisions"}],"predecessor-version":[{"id":1651,"href":"https:\/\/www.economyhotel.ee\/fi\/wp-json\/wp\/v2\/pages\/976\/revisions\/1651"}],"wp:attachment":[{"href":"https:\/\/www.economyhotel.ee\/fi\/wp-json\/wp\/v2\/media?parent=976"}],"curies":[{"name":"wp","href":"https:\/\/api.w.org\/{rel}","templated":true}]}}